{"id":2109,"date":"2019-04-11T09:39:29","date_gmt":"2019-04-11T09:39:29","guid":{"rendered":"https:\/\/www.dora.ro\/?page_id=2109"},"modified":"2019-04-11T09:39:29","modified_gmt":"2019-04-11T09:39:29","slug":"politica-cookie","status":"publish","type":"page","link":"https:\/\/www.dora.ro\/en\/politica-cookie\/","title":{"rendered":"Cookie policy"},"content":{"rendered":"<div class=\"field field-name-title field--title\">\n<div class=\"field__items\">\n<h3>Cookie-urile<\/h3>\n<\/div>\n<\/div>\n<div class=\"field field-name-field-core-introduction field--field-core-introduction\">\n<div class=\"field__items\">\n<p>Pentru a asigura buna func\u021bionare a acestui site, uneori plas\u0103m \u00een computerul dumneavoastr\u0103 mici fi\u0219iere cu date, cunoscute sub numele de cookie-uri. Majoritatea site-urilor fac acest lucru.<\/p>\n<h3 id=\"ce-se-intelege-prin-cookie-uri\">Ce se \u00een\u021belege prin cookie-uri?<\/h3>\n<p>Cookie-ul este un fi\u015fier text de mici dimensiuni pe care un site \u00eel salveaz\u0103 \u00een calculatorul sau dispozitivul dumneavoastr\u0103 mobil atunci c\u00e2nd \u00eel vizita\u0163i. Datorit\u0103 cookie-urilor, site-ul re\u0163ine, pe o perioad\u0103 de timp, ac\u0163iunile \u015fi preferin\u0163ele dumneavoastr\u0103 (login, limb\u0103, dimensiunea caracterelor \u015fi alte preferin\u0163e de afi\u015fare). Astfel nu mai trebuie s\u0103 le reintroduce\u0163i ori de c\u00e2te ori reveni\u0163i la site sau naviga\u0163i de pe o pagin\u0103 pe alta.<\/p>\n<h3 id=\"cum-se-folosesc-cookie-urile\">Cum se folosesc cookie-urile?<\/h3>\n<p>O parte din paginile noastre utilizeaz\u0103 cookie-urile pentru a re\u0163ine ca de exemplu:<\/p>\n<ul>\n<li>preferin\u0163ele dumneavoastr\u0103 de afi\u015fare, cum ar fi contrastul, culoarea sau dimensiunea caracterelor<\/li>\n<li>dac\u0103\u00a0 a\u0163i r\u0103spuns la un sondaj pop-up privind utilitatea con\u0163inutului (pentru a nu fi \u00eentrebat din nou)<\/li>\n<li>dac\u0103 a\u0163i acceptat (sau nu) utilizarea cookie-urilor pe site.<\/li>\n<\/ul>\n<p>Activarea cookie-urilor nu este strict necesar\u0103 pentru func\u0163ionarea site-ului, dar v\u0103 poate \u00eembun\u0103t\u0103\u0163i experien\u0163a de navigare. Pute\u0163i \u015fterge sau bloca cookie-urile \u00eens\u0103, dac\u0103 face\u0163i acest lucru, s-ar putea ca anumite caracteristici ale site-ului s\u0103 nu func\u0163ioneze corespunz\u0103tor.<\/p>\n<p>Informa\u0163iile asociate cookie-urilor\u00a0<strong>nu sunt utilizate pentru a v\u0103 identifica<\/strong>\u00a0personal. \u00cen plus, \u0163inem sub control datele referitoare la preferin\u0163ele dumneavoastr\u0103 de navigare. Cookie-urile nu sunt folosite \u00een alte scopuri dec\u00e2t cele descrise aici.<\/p>\n<h3 id=\"cum-se-folosesc-cookie-urile\">Ce cookie-uri folosim?<\/h3>\n<p>Din cele de mai jos o pagina poate folosi unul sau mai multe simultan.<\/p>\n<p><strong>_ga<\/strong>\u00a0\u2013 durata de viata 2 ani si\u00a0<strong>_gid\u00a0<\/strong>durata de viata 24 de ore \u2013 Acestea sunt cookie-urile de analiza web furnizate de Google Inc. Acestea sunt folosite pentru a colecta informatii despre modul \u00een care vizitatorii utilizeaza site-ul Web. Le folosim pentru a strange informatii statistice si date care ne vor ajuta sa imbunatatim site-ul nostru web. Aceste cookie-uri pot fi, de asemenea, folosite pentru a oferi utilizatorilor o experienta de publicitate personalizata si mai bine adaptata.<\/p>\n<p><strong>__unam<\/strong>\u00a0\u2013 Acest cookie este de obicei asociat cu ShareThis partajare sociale widget plasat intr-un loc care sa permita schimbul de continut in diferite retele sociale. Se numara clicuri si actiuni ale unei pagini.<\/p>\n<\/div>\n<p><strong>__utma<\/strong>\u00a0\u2013 Aceasta este una dintre cele patru cookie-uri principale stabilite de serviciul Google Analytics, care permite proprietarilor de site-ul pentru a urmari comportamentul vizitatorilor si performanta site-ului masura. Acest cookie dureaza 2 ani in mod implicit si distinge intre utilizatori si sesiuni. Acesta este folosit pentru a calcula statistici noi si se intorc vizitatori. Cookie-ul este actualizat de fiecare data cand datele sunt trimise la Google Analytics. Durata de viata a cookie poate fi personalizat de catre proprietarii de site-ul.<\/p>\n<p><strong>wordpress_<\/strong>\u00a0Cookie folosit pentru a identifica utilizatorul logat. Durata: o sesiune<\/p>\n<p><strong>wordpress_logged_in_<\/strong>\u00a0Cookie folosit pentru a identifica utilizatorul logat. Durata: o sesiune<\/p>\n<p><strong>wordpress_test_cookie<\/strong>\u00a0Cookie folosit la testare. Durata: o sesiune<\/p>\n<p><strong>wp-settings-[UID]<\/strong>\u00a0Cookie folosit pentru a customiza infatisarea panoului de administrare, sau chiar infatisarea site-ului. UID este identificatorul unic al utilizatorului curent, din baza de date. Durata: 1 an<\/p>\n<p><strong>wp-settings-time-[UID]<\/strong>\u00a0Cookie folosit pentru a customiza infatisarea panoului de administrare, sau chiar infatisarea site-ului. UID este identificatorul unic al utilizatorului curent, din baza de date. Durata: 1 an<\/p>\n<p><strong>PHPSESSID<\/strong>\u00a0Cookie folosit pentru identificarea unica a unei sesiuni pe site. Durata: o sesiune<\/p>\n<p><strong>SESS Cookie<\/strong>\u00a0folosit pentru identificarea unica a unei sesiuni pe site. Durata: o sesiune<\/p>\n<p><strong>wp-saving-post-[POST_ID]<\/strong>\u00a0Cookie folosit pentru a asigura sincronizarea datelor recent salvate pentru o postare cu datele afisate curent pentru acea postare. Durata: o sesiune<\/p>\n<div class=\"field__items\">\n<h3 id=\"folosim-si-alte-cookie-uri\">Folosim \u015fi alte cookie-uri?<\/h3>\n<p>O parte din paginile sau subsite-urile noastre pot folosi cookie-uri suplimentare sau diferite de cele descrise mai sus. \u00cen acest caz, ve\u0163i g\u0103si detalii pe paginile specifice referitoare la cookie-uri. De asemenea, s-ar putea s\u0103 vi se cear\u0103 acordul cu privire la stocarea lor.<\/p>\n<h3 id=\"cum-puteti-controla-cookie-urile\">Cum pute\u0163i controla cookie-urile?<\/h3>\n<p>Pute\u0163i\u00a0<strong>controla \u015fi\/sau \u015fterge<\/strong>\u00a0cookie-urile dup\u0103 cum dori\u0163i \u2013 pentru detalii, consulta\u0163i site-ul\u00a0<a href=\"http:\/\/www.aboutcookies.org\/\">aboutcookies.org<\/a>. Pute\u021bi \u0219terge toate cookie-urile din calculatorul dumneavoastr\u0103 \u0219i pute\u021bi seta majoritatea browserelor s\u0103 blocheze plasarea acestora. Dac\u0103 face\u0163i acest lucru, este posibil s\u0103 fi\u0163i nevoit s\u0103 seta\u0163i manual unele preferin\u0163e, de fiecare dat\u0103 c\u00e2nd vizita\u0163i site-ul. De asemenea, s-ar putea ca unele servicii sau op\u0163iuni s\u0103 nu func\u0163ioneze.<\/p>\n<\/div>\n<\/div>\n","protected":false},"excerpt":{"rendered":"<p>Cookie-urile Pentru a asigura buna func\u021bionare a acestui site, uneori plas\u0103m \u00een computerul dumneavoastr\u0103 mici fi\u0219iere cu date, cunoscute sub numele de cookie-uri. Majoritatea site-urilor fac<span class=\"excerpt-hellip\"> [\u2026]<\/span><\/p>\n","protected":false},"author":2,"featured_media":0,"parent":0,"menu_order":0,"comment_status":"closed","ping_status":"closed","template":"","meta":[],"_links":{"self":[{"href":"https:\/\/www.dora.ro\/en\/wp-json\/wp\/v2\/pages\/2109"}],"collection":[{"href":"https:\/\/www.dora.ro\/en\/wp-json\/wp\/v2\/pages"}],"about":[{"href":"https:\/\/www.dora.ro\/en\/wp-json\/wp\/v2\/types\/page"}],"author":[{"embeddable":true,"href":"https:\/\/www.dora.ro\/en\/wp-json\/wp\/v2\/users\/2"}],"replies":[{"embeddable":true,"href":"https:\/\/www.dora.ro\/en\/wp-json\/wp\/v2\/comments?post=2109"}],"version-history":[{"count":1,"href":"https:\/\/www.dora.ro\/en\/wp-json\/wp\/v2\/pages\/2109\/revisions"}],"predecessor-version":[{"id":2112,"href":"https:\/\/www.dora.ro\/en\/wp-json\/wp\/v2\/pages\/2109\/revisions\/2112"}],"wp:attachment":[{"href":"https:\/\/www.dora.ro\/en\/wp-json\/wp\/v2\/media?parent=2109"}],"curies":[{"name":"wp","href":"https:\/\/api.w.org\/{rel}","templated":true}]}}